{"id":86,"date":"2023-09-10T14:09:03","date_gmt":"2023-09-10T10:09:03","guid":{"rendered":"https:\/\/www.protennis.mu\/?page_id=86"},"modified":"2024-10-29T14:58:56","modified_gmt":"2024-10-29T10:58:56","slug":"lecon","status":"publish","type":"page","link":"https:\/\/www.protennis.mu\/?page_id=86","title":{"rendered":"Le\u00e7on"},"content":{"rendered":"\t\t<div data-elementor-type=\"wp-page\" data-elementor-id=\"86\" class=\"elementor elementor-86\">\n\t\t\t\t\t\t<section class=\"elementor-section elementor-top-section elementor-element elementor-element-e9f557e elementor-section-boxed elementor-section-height-default elementor-section-height-default\" data-id=\"e9f557e\" data-element_type=\"section\" data-e-type=\"section\">\n\t\t\t\t\t\t<div class=\"elementor-container elementor-column-gap-default\">\n\t\t\t\t\t<div class=\"elementor-column elementor-col-100 elementor-top-column elementor-element elementor-element-3bf39f9\" data-id=\"3bf39f9\" data-element_type=\"column\" data-e-type=\"column\">\n\t\t\t<div class=\"elementor-widget-wrap elementor-element-populated\">\n\t\t\t\t\t\t<div class=\"elementor-element elementor-element-7728b0b elementor-widget elementor-widget-text-editor\" data-id=\"7728b0b\" data-element_type=\"widget\" data-e-type=\"widget\" data-widget_type=\"text-editor.default\">\n\t\t\t\t<div class=\"elementor-widget-container\">\n\t\t\t\t\t\t\t\t\t<h1 style=\"text-align: center; padding-left: 40px;\">L&#8217;\u00e9cole propose differentes formules d&#8217;apprentissage:<\/h1>\n<h1 style=\"text-align: left; padding-left: 240px;\">1.&nbsp; &nbsp;Le Fun Tennis&nbsp; &nbsp; &nbsp; &#8211; 5 ans \u00e0 6 ans<br>2.&nbsp; &nbsp;Le Mini Tennis&nbsp; &nbsp; &nbsp;&#8211; 7 ans \u00e0 10 ans<br>3.&nbsp; &nbsp;D\u00e9couverte&nbsp; &nbsp; &nbsp; &nbsp; &nbsp; &nbsp;&#8211; Pour les d\u00e9butants<br>4.&nbsp; &nbsp;Tennis Loisir&nbsp; &nbsp; &nbsp; &nbsp; &nbsp;&#8211; Ado et Adulte<br>5.&nbsp; &nbsp;Masters&nbsp; &nbsp; &nbsp; &nbsp; &nbsp; &nbsp; &nbsp; &nbsp; &nbsp;&#8211; Pour la comp\u00e9tition<\/h1>\n<h1 style=\"text-align: center;\">Les le\u00e7ons, d&#8217;une dur\u00e9e d&#8217;une heure par semaine, sont dispens\u00e9es sur un terrain en terre battue \u00e0 Avenue Berthaud Quatre Bornes comme suit:<p><\/p>\n<p><strong>Lundi \u00e0 Jeudi \u00e0 partir de 18h30<\/strong><br><strong>Samedi&nbsp; de 9h00 \u00e0 13h00<\/strong><\/p><\/h1>\t\t\t\t\t\t\t\t<\/div>\n\t\t\t\t<\/div>\n\t\t\t\t\t<\/div>\n\t\t<\/div>\n\t\t\t\t\t<\/div>\n\t\t<\/section>\n\t\t\t\t<\/div>\n\t\t","protected":false},"excerpt":{"rendered":"<p>L&#8217;\u00e9cole propose differentes formules d&#8217;apprentissage: 1.&nbsp; &nbsp;Le Fun Tennis&nbsp; &nbsp; &nbsp; &#8211; 5 ans \u00e0 6 ans2.&nbsp; &nbsp;Le Mini Tennis&nbsp; &nbsp; &nbsp;&#8211; 7 ans \u00e0 10 ans3.&nbsp; &nbsp;D\u00e9couverte&nbsp; &nbsp; &nbsp; &nbsp; &nbsp; &nbsp;&#8211; Pour les d\u00e9butants4.&nbsp; &nbsp;Tennis Loisir&nbsp; &nbsp; &nbsp; &nbsp; &nbsp;&#8211; Ado et Adulte5.&nbsp; &nbsp;Masters&nbsp; &nbsp; &nbsp; &nbsp; &nbsp; &nbsp; &nbsp; &nbsp; &nbsp;&#8211; Pour [&hellip;]<\/p>\n","protected":false},"author":1,"featured_media":0,"parent":0,"menu_order":0,"comment_status":"closed","ping_status":"closed","template":"","meta":{"ocean_post_layout":"","ocean_both_sidebars_style":"","ocean_both_sidebars_content_width":0,"ocean_both_sidebars_sidebars_width":0,"ocean_sidebar":"","ocean_second_sidebar":"","ocean_disable_margins":"enable","ocean_add_body_class":"","ocean_shortcode_before_top_bar":"","ocean_shortcode_after_top_bar":"","ocean_shortcode_before_header":"","ocean_shortcode_after_header":"","ocean_has_shortcode":"","ocean_shortcode_after_title":"","ocean_shortcode_before_footer_widgets":"","ocean_shortcode_after_footer_widgets":"","ocean_shortcode_before_footer_bottom":"","ocean_shortcode_after_footer_bottom":"","ocean_display_top_bar":"default","ocean_display_header":"default","ocean_header_style":"","ocean_center_header_left_menu":"","ocean_custom_header_template":"","ocean_custom_logo":0,"ocean_custom_retina_logo":0,"ocean_custom_logo_max_width":0,"ocean_custom_logo_tablet_max_width":0,"ocean_custom_logo_mobile_max_width":0,"ocean_custom_logo_max_height":0,"ocean_custom_logo_tablet_max_height":0,"ocean_custom_logo_mobile_max_height":0,"ocean_header_custom_menu":"","ocean_menu_typo_font_family":"","ocean_menu_typo_font_subset":"","ocean_menu_typo_font_size":0,"ocean_menu_typo_font_size_tablet":0,"ocean_menu_typo_font_size_mobile":0,"ocean_menu_typo_font_size_unit":"px","ocean_menu_typo_font_weight":"","ocean_menu_typo_font_weight_tablet":"","ocean_menu_typo_font_weight_mobile":"","ocean_menu_typo_transform":"","ocean_menu_typo_transform_tablet":"","ocean_menu_typo_transform_mobile":"","ocean_menu_typo_line_height":0,"ocean_menu_typo_line_height_tablet":0,"ocean_menu_typo_line_height_mobile":0,"ocean_menu_typo_line_height_unit":"","ocean_menu_typo_spacing":0,"ocean_menu_typo_spacing_tablet":0,"ocean_menu_typo_spacing_mobile":0,"ocean_menu_typo_spacing_unit":"","ocean_menu_link_color":"","ocean_menu_link_color_hover":"","ocean_menu_link_color_active":"","ocean_menu_link_background":"","ocean_menu_link_hover_background":"","ocean_menu_link_active_background":"","ocean_menu_social_links_bg":"","ocean_menu_social_hover_links_bg":"","ocean_menu_social_links_color":"","ocean_menu_social_hover_links_color":"","ocean_disable_title":"default","ocean_disable_heading":"default","ocean_post_title":"","ocean_post_subheading":"","ocean_post_title_style":"","ocean_post_title_background_color":"","ocean_post_title_background":0,"ocean_post_title_bg_image_position":"","ocean_post_title_bg_image_attachment":"","ocean_post_title_bg_image_repeat":"","ocean_post_title_bg_image_size":"","ocean_post_title_height":0,"ocean_post_title_bg_overlay":0.5,"ocean_post_title_bg_overlay_color":"","ocean_disable_breadcrumbs":"default","ocean_breadcrumbs_color":"","ocean_breadcrumbs_separator_color":"","ocean_breadcrumbs_links_color":"","ocean_breadcrumbs_links_hover_color":"","ocean_display_footer_widgets":"default","ocean_display_footer_bottom":"default","ocean_custom_footer_template":"","footnotes":""},"class_list":["post-86","page","type-page","status-publish","hentry","entry"],"yoast_head":"<!-- This site is optimized with the Yoast SEO plugin v27.5 - https:\/\/yoast.com\/product\/yoast-seo-wordpress\/ -->\n<title>Le\u00e7on - Club Protennis<\/title>\n<meta name=\"robots\" content=\"index, follow, max-snippet:-1, max-image-preview:large, max-video-preview:-1\" \/>\n<link rel=\"canonical\" href=\"https:\/\/www.protennis.mu\/?page_id=86\" \/>\n<meta property=\"og:locale\" content=\"en_US\" \/>\n<meta property=\"og:type\" content=\"article\" \/>\n<meta property=\"og:title\" content=\"Le\u00e7on - Club Protennis\" \/>\n<meta property=\"og:description\" content=\"L&#8217;\u00e9cole propose differentes formules d&#8217;apprentissage: 1.&nbsp; &nbsp;Le Fun Tennis&nbsp; &nbsp; &nbsp; &#8211; 5 ans \u00e0 6 ans2.&nbsp; &nbsp;Le Mini Tennis&nbsp; &nbsp; &nbsp;&#8211; 7 ans \u00e0 10 ans3.&nbsp; &nbsp;D\u00e9couverte&nbsp; &nbsp; &nbsp; &nbsp; &nbsp; &nbsp;&#8211; Pour les d\u00e9butants4.&nbsp; &nbsp;Tennis Loisir&nbsp; &nbsp; &nbsp; &nbsp; &nbsp;&#8211; Ado et Adulte5.&nbsp; &nbsp;Masters&nbsp; &nbsp; &nbsp; &nbsp; &nbsp; &nbsp; &nbsp; &nbsp; &nbsp;&#8211; Pour [&hellip;]\" \/>\n<meta property=\"og:url\" content=\"https:\/\/www.protennis.mu\/?page_id=86\" \/>\n<meta property=\"og:site_name\" content=\"Club Protennis\" \/>\n<meta property=\"article:modified_time\" content=\"2024-10-29T10:58:56+00:00\" \/>\n<meta name=\"twitter:card\" content=\"summary_large_image\" \/>\n<meta name=\"twitter:label1\" content=\"Est. reading time\" \/>\n\t<meta name=\"twitter:data1\" content=\"1 minute\" \/>\n<script type=\"application\/ld+json\" class=\"yoast-schema-graph\">{\"@context\":\"https:\\\/\\\/schema.org\",\"@graph\":[{\"@type\":\"WebPage\",\"@id\":\"https:\\\/\\\/www.protennis.mu\\\/?page_id=86\",\"url\":\"https:\\\/\\\/www.protennis.mu\\\/?page_id=86\",\"name\":\"Le\u00e7on - Club Protennis\",\"isPartOf\":{\"@id\":\"https:\\\/\\\/www.protennis.mu\\\/#website\"},\"datePublished\":\"2023-09-10T10:09:03+00:00\",\"dateModified\":\"2024-10-29T10:58:56+00:00\",\"breadcrumb\":{\"@id\":\"https:\\\/\\\/www.protennis.mu\\\/?page_id=86#breadcrumb\"},\"inLanguage\":\"en-US\",\"potentialAction\":[{\"@type\":\"ReadAction\",\"target\":[\"https:\\\/\\\/www.protennis.mu\\\/?page_id=86\"]}]},{\"@type\":\"BreadcrumbList\",\"@id\":\"https:\\\/\\\/www.protennis.mu\\\/?page_id=86#breadcrumb\",\"itemListElement\":[{\"@type\":\"ListItem\",\"position\":1,\"name\":\"Home\",\"item\":\"https:\\\/\\\/www.protennis.mu\\\/\"},{\"@type\":\"ListItem\",\"position\":2,\"name\":\"Le\u00e7on\"}]},{\"@type\":\"WebSite\",\"@id\":\"https:\\\/\\\/www.protennis.mu\\\/#website\",\"url\":\"https:\\\/\\\/www.protennis.mu\\\/\",\"name\":\"Club Protennis\",\"description\":\"\",\"publisher\":{\"@id\":\"https:\\\/\\\/www.protennis.mu\\\/#organization\"},\"potentialAction\":[{\"@type\":\"SearchAction\",\"target\":{\"@type\":\"EntryPoint\",\"urlTemplate\":\"https:\\\/\\\/www.protennis.mu\\\/?s={search_term_string}\"},\"query-input\":{\"@type\":\"PropertyValueSpecification\",\"valueRequired\":true,\"valueName\":\"search_term_string\"}}],\"inLanguage\":\"en-US\"},{\"@type\":\"Organization\",\"@id\":\"https:\\\/\\\/www.protennis.mu\\\/#organization\",\"name\":\"Club Protennis\",\"url\":\"https:\\\/\\\/www.protennis.mu\\\/\",\"logo\":{\"@type\":\"ImageObject\",\"inLanguage\":\"en-US\",\"@id\":\"https:\\\/\\\/www.protennis.mu\\\/#\\\/schema\\\/logo\\\/image\\\/\",\"url\":\"https:\\\/\\\/www.protennis.mu\\\/wp-content\\\/uploads\\\/2023\\\/09\\\/cropped-Screenshot-11.png\",\"contentUrl\":\"https:\\\/\\\/www.protennis.mu\\\/wp-content\\\/uploads\\\/2023\\\/09\\\/cropped-Screenshot-11.png\",\"width\":2000,\"height\":1279,\"caption\":\"Club Protennis\"},\"image\":{\"@id\":\"https:\\\/\\\/www.protennis.mu\\\/#\\\/schema\\\/logo\\\/image\\\/\"}}]}<\/script>\n<!-- \/ Yoast SEO plugin. -->","yoast_head_json":{"title":"Le\u00e7on - Club Protennis","robots":{"index":"index","follow":"follow","max-snippet":"max-snippet:-1","max-image-preview":"max-image-preview:large","max-video-preview":"max-video-preview:-1"},"canonical":"https:\/\/www.protennis.mu\/?page_id=86","og_locale":"en_US","og_type":"article","og_title":"Le\u00e7on - Club Protennis","og_description":"L&#8217;\u00e9cole propose differentes formules d&#8217;apprentissage: 1.&nbsp; &nbsp;Le Fun Tennis&nbsp; &nbsp; &nbsp; &#8211; 5 ans \u00e0 6 ans2.&nbsp; &nbsp;Le Mini Tennis&nbsp; &nbsp; &nbsp;&#8211; 7 ans \u00e0 10 ans3.&nbsp; &nbsp;D\u00e9couverte&nbsp; &nbsp; &nbsp; &nbsp; &nbsp; &nbsp;&#8211; Pour les d\u00e9butants4.&nbsp; &nbsp;Tennis Loisir&nbsp; &nbsp; &nbsp; &nbsp; &nbsp;&#8211; Ado et Adulte5.&nbsp; &nbsp;Masters&nbsp; &nbsp; &nbsp; &nbsp; &nbsp; &nbsp; &nbsp; &nbsp; &nbsp;&#8211; Pour [&hellip;]","og_url":"https:\/\/www.protennis.mu\/?page_id=86","og_site_name":"Club Protennis","article_modified_time":"2024-10-29T10:58:56+00:00","twitter_card":"summary_large_image","twitter_misc":{"Est. reading time":"1 minute"},"schema":{"@context":"https:\/\/schema.org","@graph":[{"@type":"WebPage","@id":"https:\/\/www.protennis.mu\/?page_id=86","url":"https:\/\/www.protennis.mu\/?page_id=86","name":"Le\u00e7on - Club Protennis","isPartOf":{"@id":"https:\/\/www.protennis.mu\/#website"},"datePublished":"2023-09-10T10:09:03+00:00","dateModified":"2024-10-29T10:58:56+00:00","breadcrumb":{"@id":"https:\/\/www.protennis.mu\/?page_id=86#breadcrumb"},"inLanguage":"en-US","potentialAction":[{"@type":"ReadAction","target":["https:\/\/www.protennis.mu\/?page_id=86"]}]},{"@type":"BreadcrumbList","@id":"https:\/\/www.protennis.mu\/?page_id=86#breadcrumb","itemListElement":[{"@type":"ListItem","position":1,"name":"Home","item":"https:\/\/www.protennis.mu\/"},{"@type":"ListItem","position":2,"name":"Le\u00e7on"}]},{"@type":"WebSite","@id":"https:\/\/www.protennis.mu\/#website","url":"https:\/\/www.protennis.mu\/","name":"Club Protennis","description":"","publisher":{"@id":"https:\/\/www.protennis.mu\/#organization"},"potentialAction":[{"@type":"SearchAction","target":{"@type":"EntryPoint","urlTemplate":"https:\/\/www.protennis.mu\/?s={search_term_string}"},"query-input":{"@type":"PropertyValueSpecification","valueRequired":true,"valueName":"search_term_string"}}],"inLanguage":"en-US"},{"@type":"Organization","@id":"https:\/\/www.protennis.mu\/#organization","name":"Club Protennis","url":"https:\/\/www.protennis.mu\/","logo":{"@type":"ImageObject","inLanguage":"en-US","@id":"https:\/\/www.protennis.mu\/#\/schema\/logo\/image\/","url":"https:\/\/www.protennis.mu\/wp-content\/uploads\/2023\/09\/cropped-Screenshot-11.png","contentUrl":"https:\/\/www.protennis.mu\/wp-content\/uploads\/2023\/09\/cropped-Screenshot-11.png","width":2000,"height":1279,"caption":"Club Protennis"},"image":{"@id":"https:\/\/www.protennis.mu\/#\/schema\/logo\/image\/"}}]}},"_links":{"self":[{"href":"https:\/\/www.protennis.mu\/index.php?rest_route=\/wp\/v2\/pages\/86","targetHints":{"allow":["GET"]}}],"collection":[{"href":"https:\/\/www.protennis.mu\/index.php?rest_route=\/wp\/v2\/pages"}],"about":[{"href":"https:\/\/www.protennis.mu\/index.php?rest_route=\/wp\/v2\/types\/page"}],"author":[{"embeddable":true,"href":"https:\/\/www.protennis.mu\/index.php?rest_route=\/wp\/v2\/users\/1"}],"replies":[{"embeddable":true,"href":"https:\/\/www.protennis.mu\/index.php?rest_route=%2Fwp%2Fv2%2Fcomments&post=86"}],"version-history":[{"count":52,"href":"https:\/\/www.protennis.mu\/index.php?rest_route=\/wp\/v2\/pages\/86\/revisions"}],"predecessor-version":[{"id":230,"href":"https:\/\/www.protennis.mu\/index.php?rest_route=\/wp\/v2\/pages\/86\/revisions\/230"}],"wp:attachment":[{"href":"https:\/\/www.protennis.mu\/index.php?rest_route=%2Fwp%2Fv2%2Fmedia&parent=86"}],"curies":[{"name":"wp","href":"https:\/\/api.w.org\/{rel}","templated":true}]}}